{"id":37,"date":"2023-02-14T18:55:54","date_gmt":"2023-02-14T18:55:54","guid":{"rendered":"https:\/\/www.eserwis.waw.pl\/?page_id=37"},"modified":"2024-07-21T08:56:56","modified_gmt":"2024-07-21T08:56:56","slug":"zakres-prac","status":"publish","type":"page","link":"https:\/\/www.eserwis.waw.pl\/index.php\/zakres-prac\/","title":{"rendered":"Galeria"},"content":{"rendered":"\n<div class=\"wp-block-media-text alignwide is-stacked-on-mobile\" style=\"grid-template-columns:23% auto\"><figure class=\"wp-block-media-text__media\"><img loading=\"lazy\" decoding=\"async\" width=\"1024\" height=\"768\" src=\"https:\/\/www.eserwis.waw.pl\/wp-content\/uploads\/2023\/02\/IMG_0841-1-1024x768.jpeg\" alt=\"\" class=\"wp-image-85 size-full\" srcset=\"https:\/\/www.eserwis.waw.pl\/wp-content\/uploads\/2023\/02\/IMG_0841-1-1024x768.jpeg 1024w, https:\/\/www.eserwis.waw.pl\/wp-content\/uploads\/2023\/02\/IMG_0841-1-300x225.jpeg 300w, https:\/\/www.eserwis.waw.pl\/wp-content\/uploads\/2023\/02\/IMG_0841-1-768x576.jpeg 768w, https:\/\/www.eserwis.waw.pl\/wp-content\/uploads\/2023\/02\/IMG_0841-1-1536x1152.jpeg 1536w, https:\/\/www.eserwis.waw.pl\/wp-content\/uploads\/2023\/02\/IMG_0841-1-2048x1536.jpeg 2048w\" sizes=\"auto, (max-width: 1024px) 100vw, 1024px\" \/><\/figure><div class=\"wp-block-media-text__content\">\n<p>Instalacja elektryczna podtynkowa prowadzona do rozdzielnicy elektrycznej.<\/p>\n<\/div><\/div>\n\n\n\n<p><\/p>\n\n\n\n<div class=\"wp-block-media-text alignwide is-stacked-on-mobile\" style=\"grid-template-columns:22% auto\"><figure class=\"wp-block-media-text__media\"><img loading=\"lazy\" decoding=\"async\" width=\"768\" height=\"1024\" src=\"https:\/\/www.eserwis.waw.pl\/wp-content\/uploads\/2023\/02\/IMG_3654-1-768x1024.jpeg\" alt=\"\" class=\"wp-image-99 size-full\" srcset=\"https:\/\/www.eserwis.waw.pl\/wp-content\/uploads\/2023\/02\/IMG_3654-1-768x1024.jpeg 768w, https:\/\/www.eserwis.waw.pl\/wp-content\/uploads\/2023\/02\/IMG_3654-1-225x300.jpeg 225w, https:\/\/www.eserwis.waw.pl\/wp-content\/uploads\/2023\/02\/IMG_3654-1-1152x1536.jpeg 1152w, https:\/\/www.eserwis.waw.pl\/wp-content\/uploads\/2023\/02\/IMG_3654-1-1536x2048.jpeg 1536w, https:\/\/www.eserwis.waw.pl\/wp-content\/uploads\/2023\/02\/IMG_3654-1-scaled.jpeg 1920w\" sizes=\"auto, (max-width: 768px) 100vw, 768px\" \/><\/figure><div class=\"wp-block-media-text__content\">\n<p>Instalacja elektryczna o\u015bwietleniowa w podbitce dachowej<\/p>\n<\/div><\/div>\n\n\n\n<div class=\"wp-block-media-text alignwide is-stacked-on-mobile\" style=\"grid-template-columns:21% auto\"><figure class=\"wp-block-media-text__media\"><img loading=\"lazy\" decoding=\"async\" width=\"768\" height=\"1024\" src=\"https:\/\/www.eserwis.waw.pl\/wp-content\/uploads\/2023\/02\/IMG_3500-768x1024.jpeg\" alt=\"\" class=\"wp-image-101 size-full\" srcset=\"https:\/\/www.eserwis.waw.pl\/wp-content\/uploads\/2023\/02\/IMG_3500-768x1024.jpeg 768w, https:\/\/www.eserwis.waw.pl\/wp-content\/uploads\/2023\/02\/IMG_3500-225x300.jpeg 225w, https:\/\/www.eserwis.waw.pl\/wp-content\/uploads\/2023\/02\/IMG_3500-1152x1536.jpeg 1152w, https:\/\/www.eserwis.waw.pl\/wp-content\/uploads\/2023\/02\/IMG_3500-1536x2048.jpeg 1536w, https:\/\/www.eserwis.waw.pl\/wp-content\/uploads\/2023\/02\/IMG_3500-scaled.jpeg 1920w\" sizes=\"auto, (max-width: 768px) 100vw, 768px\" \/><\/figure><div class=\"wp-block-media-text__content\">\n<p>Instalacja g\u0142\u00f3wnego wy\u0142\u0105cznika pr\u0105du<\/p>\n<\/div><\/div>\n\n\n\n<div class=\"wp-block-media-text alignwide is-stacked-on-mobile\" style=\"grid-template-columns:21% auto\"><figure class=\"wp-block-media-text__media\"><img loading=\"lazy\" decoding=\"async\" width=\"768\" height=\"1024\" src=\"https:\/\/www.eserwis.waw.pl\/wp-content\/uploads\/2023\/02\/IMG_3065-768x1024.jpeg\" alt=\"\" class=\"wp-image-102 size-full\" srcset=\"https:\/\/www.eserwis.waw.pl\/wp-content\/uploads\/2023\/02\/IMG_3065-768x1024.jpeg 768w, https:\/\/www.eserwis.waw.pl\/wp-content\/uploads\/2023\/02\/IMG_3065-225x300.jpeg 225w, https:\/\/www.eserwis.waw.pl\/wp-content\/uploads\/2023\/02\/IMG_3065-1152x1536.jpeg 1152w, https:\/\/www.eserwis.waw.pl\/wp-content\/uploads\/2023\/02\/IMG_3065-1536x2048.jpeg 1536w, https:\/\/www.eserwis.waw.pl\/wp-content\/uploads\/2023\/02\/IMG_3065-scaled.jpeg 1920w\" sizes=\"auto, (max-width: 768px) 100vw, 768px\" \/><\/figure><div class=\"wp-block-media-text__content\">\n<p>Z\u0142\u0105cze napowietrzno-pomiarowe<\/p>\n<\/div><\/div>\n\n\n\n<div class=\"wp-block-media-text alignwide is-stacked-on-mobile\" style=\"grid-template-columns:21% auto\"><figure class=\"wp-block-media-text__media\"><img loading=\"lazy\" decoding=\"async\" width=\"768\" height=\"1024\" src=\"https:\/\/www.eserwis.waw.pl\/wp-content\/uploads\/2023\/02\/IMG_2988-768x1024.jpeg\" alt=\"\" class=\"wp-image-103 size-full\" srcset=\"https:\/\/www.eserwis.waw.pl\/wp-content\/uploads\/2023\/02\/IMG_2988-768x1024.jpeg 768w, https:\/\/www.eserwis.waw.pl\/wp-content\/uploads\/2023\/02\/IMG_2988-225x300.jpeg 225w, https:\/\/www.eserwis.waw.pl\/wp-content\/uploads\/2023\/02\/IMG_2988-1152x1536.jpeg 1152w, https:\/\/www.eserwis.waw.pl\/wp-content\/uploads\/2023\/02\/IMG_2988-1536x2048.jpeg 1536w, https:\/\/www.eserwis.waw.pl\/wp-content\/uploads\/2023\/02\/IMG_2988-scaled.jpeg 1920w\" sizes=\"auto, (max-width: 768px) 100vw, 768px\" \/><\/figure><div class=\"wp-block-media-text__content\">\n<p>Wymiana tablic bezpiecznikowych<\/p>\n<\/div><\/div>\n\n\n\n<div class=\"wp-block-media-text alignwide is-stacked-on-mobile\" style=\"grid-template-columns:21% auto\"><figure class=\"wp-block-media-text__media\"><img loading=\"lazy\" decoding=\"async\" width=\"1024\" height=\"768\" src=\"https:\/\/www.eserwis.waw.pl\/wp-content\/uploads\/2023\/02\/IMG_2778-1024x768.jpeg\" alt=\"\" class=\"wp-image-104 size-full\" srcset=\"https:\/\/www.eserwis.waw.pl\/wp-content\/uploads\/2023\/02\/IMG_2778-1024x768.jpeg 1024w, https:\/\/www.eserwis.waw.pl\/wp-content\/uploads\/2023\/02\/IMG_2778-300x225.jpeg 300w, https:\/\/www.eserwis.waw.pl\/wp-content\/uploads\/2023\/02\/IMG_2778-768x576.jpeg 768w, https:\/\/www.eserwis.waw.pl\/wp-content\/uploads\/2023\/02\/IMG_2778-1536x1152.jpeg 1536w, https:\/\/www.eserwis.waw.pl\/wp-content\/uploads\/2023\/02\/IMG_2778-2048x1536.jpeg 2048w\" sizes=\"auto, (max-width: 1024px) 100vw, 1024px\" \/><\/figure><div class=\"wp-block-media-text__content\">\n<p>O\u015bwietlenie ogrodowe<\/p>\n<\/div><\/div>\n\n\n\n<div class=\"wp-block-media-text alignwide is-stacked-on-mobile\" style=\"grid-template-columns:21% auto\"><figure class=\"wp-block-media-text__media\"><img loading=\"lazy\" decoding=\"async\" width=\"1024\" height=\"768\" src=\"https:\/\/www.eserwis.waw.pl\/wp-content\/uploads\/2023\/02\/IMG_2905-1024x768.jpeg\" alt=\"\" class=\"wp-image-105 size-full\" srcset=\"https:\/\/www.eserwis.waw.pl\/wp-content\/uploads\/2023\/02\/IMG_2905-1024x768.jpeg 1024w, https:\/\/www.eserwis.waw.pl\/wp-content\/uploads\/2023\/02\/IMG_2905-300x225.jpeg 300w, https:\/\/www.eserwis.waw.pl\/wp-content\/uploads\/2023\/02\/IMG_2905-768x576.jpeg 768w, https:\/\/www.eserwis.waw.pl\/wp-content\/uploads\/2023\/02\/IMG_2905-1536x1152.jpeg 1536w, https:\/\/www.eserwis.waw.pl\/wp-content\/uploads\/2023\/02\/IMG_2905-2048x1536.jpeg 2048w\" sizes=\"auto, (max-width: 1024px) 100vw, 1024px\" \/><\/figure><div class=\"wp-block-media-text__content\">\n<p>Monta\u017c kaseton\u00f3w reklamowych.<\/p>\n<\/div><\/div>\n\n\n\n<div class=\"wp-block-media-text alignwide is-stacked-on-mobile\" style=\"grid-template-columns:15% auto\"><figure class=\"wp-block-media-text__media\"><img loading=\"lazy\" decoding=\"async\" width=\"576\" height=\"1024\" src=\"https:\/\/www.eserwis.waw.pl\/wp-content\/uploads\/2023\/02\/IMG_2657-576x1024.jpeg\" alt=\"\" class=\"wp-image-106 size-full\" srcset=\"https:\/\/www.eserwis.waw.pl\/wp-content\/uploads\/2023\/02\/IMG_2657-576x1024.jpeg 576w, https:\/\/www.eserwis.waw.pl\/wp-content\/uploads\/2023\/02\/IMG_2657-169x300.jpeg 169w, https:\/\/www.eserwis.waw.pl\/wp-content\/uploads\/2023\/02\/IMG_2657-768x1365.jpeg 768w, https:\/\/www.eserwis.waw.pl\/wp-content\/uploads\/2023\/02\/IMG_2657-864x1536.jpeg 864w, https:\/\/www.eserwis.waw.pl\/wp-content\/uploads\/2023\/02\/IMG_2657-1152x2048.jpeg 1152w, https:\/\/www.eserwis.waw.pl\/wp-content\/uploads\/2023\/02\/IMG_2657-scaled.jpeg 1440w\" sizes=\"auto, (max-width: 576px) 100vw, 576px\" \/><\/figure><div class=\"wp-block-media-text__content\">\n<p>Monta\u017c rozdzielnicy elektrycznej i multimedialnej<\/p>\n<\/div><\/div>\n\n\n\n<div class=\"wp-block-media-text alignwide is-stacked-on-mobile\" style=\"grid-template-columns:26% auto\"><figure class=\"wp-block-media-text__media\"><img loading=\"lazy\" decoding=\"async\" width=\"1024\" height=\"768\" src=\"https:\/\/www.eserwis.waw.pl\/wp-content\/uploads\/2023\/02\/IMG_2562-1024x768.jpeg\" alt=\"\" class=\"wp-image-107 size-full\" srcset=\"https:\/\/www.eserwis.waw.pl\/wp-content\/uploads\/2023\/02\/IMG_2562-1024x768.jpeg 1024w, https:\/\/www.eserwis.waw.pl\/wp-content\/uploads\/2023\/02\/IMG_2562-300x225.jpeg 300w, https:\/\/www.eserwis.waw.pl\/wp-content\/uploads\/2023\/02\/IMG_2562-768x576.jpeg 768w, https:\/\/www.eserwis.waw.pl\/wp-content\/uploads\/2023\/02\/IMG_2562-1536x1152.jpeg 1536w, https:\/\/www.eserwis.waw.pl\/wp-content\/uploads\/2023\/02\/IMG_2562-2048x1536.jpeg 2048w\" sizes=\"auto, (max-width: 1024px) 100vw, 1024px\" \/><\/figure><div class=\"wp-block-media-text__content\">\n<p>Instalacja \u0142adowarek do aut elektrycznych<\/p>\n<\/div><\/div>\n\n\n\n<div class=\"wp-block-media-text alignwide is-stacked-on-mobile\" style=\"grid-template-columns:27% auto\"><figure class=\"wp-block-media-text__media\"><img loading=\"lazy\" decoding=\"async\" width=\"768\" height=\"1024\" src=\"https:\/\/www.eserwis.waw.pl\/wp-content\/uploads\/2023\/02\/IMG_1611-768x1024.jpeg\" alt=\"\" class=\"wp-image-108 size-full\" srcset=\"https:\/\/www.eserwis.waw.pl\/wp-content\/uploads\/2023\/02\/IMG_1611-768x1024.jpeg 768w, https:\/\/www.eserwis.waw.pl\/wp-content\/uploads\/2023\/02\/IMG_1611-225x300.jpeg 225w, https:\/\/www.eserwis.waw.pl\/wp-content\/uploads\/2023\/02\/IMG_1611-1152x1536.jpeg 1152w, https:\/\/www.eserwis.waw.pl\/wp-content\/uploads\/2023\/02\/IMG_1611-1536x2048.jpeg 1536w, https:\/\/www.eserwis.waw.pl\/wp-content\/uploads\/2023\/02\/IMG_1611-scaled.jpeg 1920w\" sizes=\"auto, (max-width: 768px) 100vw, 768px\" \/><\/figure><div class=\"wp-block-media-text__content\">\n<p>Wymiana deski licznikowej 3-fazowej  z zabezpieczeniami <\/p>\n<\/div><\/div>\n\n\n\n<div class=\"wp-block-media-text alignwide is-stacked-on-mobile\" style=\"grid-template-columns:23% auto\"><figure class=\"wp-block-media-text__media\"><img loading=\"lazy\" decoding=\"async\" width=\"768\" height=\"1024\" src=\"https:\/\/www.eserwis.waw.pl\/wp-content\/uploads\/2023\/02\/IMG_1625-768x1024.jpeg\" alt=\"\" class=\"wp-image-109 size-full\" srcset=\"https:\/\/www.eserwis.waw.pl\/wp-content\/uploads\/2023\/02\/IMG_1625-768x1024.jpeg 768w, https:\/\/www.eserwis.waw.pl\/wp-content\/uploads\/2023\/02\/IMG_1625-225x300.jpeg 225w, https:\/\/www.eserwis.waw.pl\/wp-content\/uploads\/2023\/02\/IMG_1625-1152x1536.jpeg 1152w, https:\/\/www.eserwis.waw.pl\/wp-content\/uploads\/2023\/02\/IMG_1625-1536x2048.jpeg 1536w, https:\/\/www.eserwis.waw.pl\/wp-content\/uploads\/2023\/02\/IMG_1625-scaled.jpeg 1920w\" sizes=\"auto, (max-width: 768px) 100vw, 768px\" \/><\/figure><div class=\"wp-block-media-text__content\">\n<p>O\u015bwietlenie ledowe schod\u00f3w<\/p>\n<\/div><\/div>\n\n\n\n<div class=\"wp-block-media-text alignwide is-stacked-on-mobile\" style=\"grid-template-columns:31% auto\"><figure class=\"wp-block-media-text__media\"><img loading=\"lazy\" decoding=\"async\" width=\"1024\" height=\"768\" src=\"https:\/\/www.eserwis.waw.pl\/wp-content\/uploads\/2023\/02\/BGUH6653-1024x768.jpeg\" alt=\"\" class=\"wp-image-110 size-full\" srcset=\"https:\/\/www.eserwis.waw.pl\/wp-content\/uploads\/2023\/02\/BGUH6653-1024x768.jpeg 1024w, https:\/\/www.eserwis.waw.pl\/wp-content\/uploads\/2023\/02\/BGUH6653-300x225.jpeg 300w, https:\/\/www.eserwis.waw.pl\/wp-content\/uploads\/2023\/02\/BGUH6653-768x576.jpeg 768w, https:\/\/www.eserwis.waw.pl\/wp-content\/uploads\/2023\/02\/BGUH6653-1536x1152.jpeg 1536w, https:\/\/www.eserwis.waw.pl\/wp-content\/uploads\/2023\/02\/BGUH6653-2048x1536.jpeg 2048w\" sizes=\"auto, (max-width: 1024px) 100vw, 1024px\" \/><\/figure><div class=\"wp-block-media-text__content\">\n<p>Wymiana instalacji elektrycznej<\/p>\n<\/div><\/div>\n\n\n\n<div class=\"wp-block-media-text alignwide is-stacked-on-mobile\" style=\"grid-template-columns:33% auto\"><figure class=\"wp-block-media-text__media\"><img loading=\"lazy\" decoding=\"async\" width=\"1024\" height=\"768\" src=\"https:\/\/www.eserwis.waw.pl\/wp-content\/uploads\/2023\/02\/IMG_2981-1024x768.jpeg\" alt=\"\" class=\"wp-image-111 size-full\" srcset=\"https:\/\/www.eserwis.waw.pl\/wp-content\/uploads\/2023\/02\/IMG_2981-1024x768.jpeg 1024w, https:\/\/www.eserwis.waw.pl\/wp-content\/uploads\/2023\/02\/IMG_2981-300x225.jpeg 300w, https:\/\/www.eserwis.waw.pl\/wp-content\/uploads\/2023\/02\/IMG_2981-768x576.jpeg 768w, https:\/\/www.eserwis.waw.pl\/wp-content\/uploads\/2023\/02\/IMG_2981-1536x1152.jpeg 1536w, https:\/\/www.eserwis.waw.pl\/wp-content\/uploads\/2023\/02\/IMG_2981-2048x1536.jpeg 2048w\" sizes=\"auto, (max-width: 1024px) 100vw, 1024px\" \/><\/figure><div class=\"wp-block-media-text__content\">\n<p>Awaria g\u0142\u00f3wnych zabezpiecze\u0144 budynku<\/p>\n<\/div><\/div>\n\n\n\n<p><\/p>\n\n\n\n<p><\/p>\n\n\n\n<p><\/p>\n","protected":false},"excerpt":{"rendered":"<p>Instalacja elektryczna podtynkowa prowadzona do rozdzielnicy elektrycznej. Instalacja elektryczna o\u015bwietleniowa w podbitce dachowej Instalacja g\u0142\u00f3wnego wy\u0142\u0105cznika pr\u0105du Z\u0142\u0105cze napowietrzno-pomiarowe Wymiana tablic bezpiecznikowych O\u015bwietlenie ogrodowe Monta\u017c kaseton\u00f3w reklamowych. Monta\u017c rozdzielnicy elektrycznej i multimedialnej Instalacja \u0142adowarek do aut elektrycznych Wymiana deski licznikowej 3-fazowej z zabezpieczeniami O\u015bwietlenie ledowe schod\u00f3w Wymiana instalacji elektrycznej Awaria g\u0142\u00f3wnych zabezpiecze\u0144 budynku<\/p>\n","protected":false},"author":1,"featured_media":0,"parent":0,"menu_order":0,"comment_status":"closed","ping_status":"closed","template":"","meta":{"footnotes":""},"class_list":["post-37","page","type-page","status-publish"],"_links":{"self":[{"href":"https:\/\/www.eserwis.waw.pl\/index.php\/wp-json\/wp\/v2\/pages\/37","targetHints":{"allow":["GET"]}}],"collection":[{"href":"https:\/\/www.eserwis.waw.pl\/index.php\/wp-json\/wp\/v2\/pages"}],"about":[{"href":"https:\/\/www.eserwis.waw.pl\/index.php\/wp-json\/wp\/v2\/types\/page"}],"author":[{"embeddable":true,"href":"https:\/\/www.eserwis.waw.pl\/index.php\/wp-json\/wp\/v2\/users\/1"}],"replies":[{"embeddable":true,"href":"https:\/\/www.eserwis.waw.pl\/index.php\/wp-json\/wp\/v2\/comments?post=37"}],"version-history":[{"count":9,"href":"https:\/\/www.eserwis.waw.pl\/index.php\/wp-json\/wp\/v2\/pages\/37\/revisions"}],"predecessor-version":[{"id":235,"href":"https:\/\/www.eserwis.waw.pl\/index.php\/wp-json\/wp\/v2\/pages\/37\/revisions\/235"}],"wp:attachment":[{"href":"https:\/\/www.eserwis.waw.pl\/index.php\/wp-json\/wp\/v2\/media?parent=37"}],"curies":[{"name":"wp","href":"https:\/\/api.w.org\/{rel}","templated":true}]}}